{"id":44,"date":"2018-06-29T13:14:21","date_gmt":"2018-06-29T11:14:21","guid":{"rendered":"http:\/\/xn--rotrosagrn-ieb.de\/?page_id=44"},"modified":"2026-04-23T19:33:45","modified_gmt":"2026-04-23T17:33:45","slug":"termine-in-fellbach","status":"publish","type":"page","link":"https:\/\/xn--rotrosagrn-ieb.de\/?page_id=44","title":{"rendered":"Veranstaltungen in Fellbach"},"content":{"rendered":"\n<h4 class=\"wp-block-heading\">Stefan B\u00fcrkle aus Schmiden in der Galeere <\/h4>\n\n\n\n<p>Freitag, 13. M\u00e4rz 2026 von 9 bis 11 Uhr morgens: Stefan B\u00fcrkle zu Gast in der Galeere, die vom KunstWerk Fellbach hinausrudert zu den Kolonien (mit dem Steuermann Armin Fischer): Der Physiker setzt sich f\u00fcr Menschen mit kranker Seele ein. Zum Beispiel in der Offenen Herberge, wo Menschen mit Stoffwechselst\u00f6rung, deren Angeh\u00f6rige und Professionelle zusammenkommen. Au\u00dferdem ist der Schmidener praktizierender Christ und in der evangelischen Kirchengemeinde Schmiden-Oeffingen aktiv. Und bei B\u00fcndnis 90\/Die Gr\u00fcnen in Fellbach mischt er auch mit. Von ihm stammt die Musik heute. Der Genosse amokfisch l\u00e4dt ein. <a href=\"http:\/\/www.freies-radio.de\">http:\/\/www.freies-radio.de<\/a> In meiner Wolke, schick mir eine email und du bekommst die Zugangsdaten von mir f\u00fcr sie.<\/p>\n\n\n\n<h4 class=\"wp-block-heading\">Karoline H\u00f6fler (b) aus Stuttgart bei Jazz funkt<\/h4>\n\n\n\n<p>Samstag, 14. M\u00e4rz 2026 von 19 bis 21 Uhr Jazz funkt: Karoline H\u00f6fler (b) zu Gast bei Armin Fischer: Der Genosse amokfisch hat heute die Ausnahmebassistin aus Stuttgart in Studio eins. Sie bringt die Musik mit, Eigenes und Fremdes. Karoline ist schon lange Jahre auf der Jazz-Szene, \u00e4hnlich lang in der IG Jazz aktiv, einem Zusammenschlu\u00df von hauptberuflichen Jazzmusikerinnen in der Region Stuttgart. Sie war die erste weibliche Landesjazzpreistr\u00e4gerin Baden-W\u00fcrttemberg. Ihre Musik ist sehr vielf\u00e4ltig. <a href=\"http:\/\/www.karoline-hoefler.de\">http:\/\/www.karoline-hoefler.de<\/a><\/p>\n\n\n\n<h4 class=\"wp-block-heading\">Die aktuelle Sendung<\/h4>\n\n\n\n<p>Freitag, 27. M\u00e4rz 2026 von 9 bis 11 Uhr: eine neue Galeere bricht vom KunstWerk Fellbach auf, um das Osterjazzfestival 2026 im Theaterhaus am Pragsattel mit Musik zu beleuchten. Egmont M\u00fcller (Gr\u00fc\u00dfe aus dem Freizeitpark) und Armin Fischer (Jazz funkt) senden alte und aktuelle Jazzbeispiele der auftretenden Musikerinnen. Eine Sendung des Genossen amokfisch. Freies Radio f\u00fcr Stuttgart, Mediathek noch bis 2.4.26 auf <a href=\"https:\/\/deref-web.de\/mail\/client\/WjG-WJ83WTA\/dereferrer\/?redirectUrl=https%3A%2F%2Fwww.freies-radio.de\" target=\"_blank\" rel=\"noreferrer noopener\">www.freies-radio.de<\/a> und f\u00fcr immer in meiner Wolke. Ich schick dir gerne die Zugangsdaten nach einer email an amokfisch@web.de<\/p>\n\n\n\n<h4 class=\"wp-block-heading\">Lisa Batur rudert nicht in der Galeere<\/h4>\n\n\n\n<p>Unsere Sendung am 24. April 9 Uhr mu\u00dfte abgesagt werden. Statt dessen gibt es zwei Stunden Musik aus dem Balkan. Wie immer im Sender deines Vertrauens. Ihr seht jedoch Lisa auf den Gro\u00dffl\u00e4chenplakaten. Hier wirbt die Diakone Stetten f\u00fcr neue Mitarbeiterinnen. Und wir schauen nach einem neuen Sendetermin.<\/p>\n","protected":false},"excerpt":{"rendered":"<p>Stefan B\u00fcrkle aus Schmiden in der Galeere Freitag, 13. M\u00e4rz 2026 von 9 bis 11 Uhr morgens: Stefan B\u00fcrkle zu Gast in der Galeere, die vom KunstWerk Fellbach hinausrudert zu den Kolonien (mit dem Steuermann Armin Fischer): Der Physiker setzt sich f\u00fcr Menschen mit kranker Seele ein. Zum Beispiel in der Offenen Herberge, wo Menschen [&hellip;]<\/p>\n","protected":false},"author":1,"featured_media":0,"parent":0,"menu_order":0,"comment_status":"closed","ping_status":"closed","template":"","meta":{"footnotes":""},"class_list":["post-44","page","type-page","status-publish","hentry"],"_links":{"self":[{"href":"https:\/\/xn--rotrosagrn-ieb.de\/index.php?rest_route=\/wp\/v2\/pages\/44","targetHints":{"allow":["GET"]}}],"collection":[{"href":"https:\/\/xn--rotrosagrn-ieb.de\/index.php?rest_route=\/wp\/v2\/pages"}],"about":[{"href":"https:\/\/xn--rotrosagrn-ieb.de\/index.php?rest_route=\/wp\/v2\/types\/page"}],"author":[{"embeddable":true,"href":"https:\/\/xn--rotrosagrn-ieb.de\/index.php?rest_route=\/wp\/v2\/users\/1"}],"replies":[{"embeddable":true,"href":"https:\/\/xn--rotrosagrn-ieb.de\/index.php?rest_route=%2Fwp%2Fv2%2Fcomments&post=44"}],"version-history":[{"count":470,"href":"https:\/\/xn--rotrosagrn-ieb.de\/index.php?rest_route=\/wp\/v2\/pages\/44\/revisions"}],"predecessor-version":[{"id":2100,"href":"https:\/\/xn--rotrosagrn-ieb.de\/index.php?rest_route=\/wp\/v2\/pages\/44\/revisions\/2100"}],"wp:attachment":[{"href":"https:\/\/xn--rotrosagrn-ieb.de\/index.php?rest_route=%2Fwp%2Fv2%2Fmedia&parent=44"}],"curies":[{"name":"wp","href":"https:\/\/api.w.org\/{rel}","templated":true}]}}